{"id":31,"date":"2024-11-30T11:48:23","date_gmt":"2024-11-30T11:48:23","guid":{"rendered":"https:\/\/www.pluriart.it\/?page_id=31"},"modified":"2024-11-30T11:48:23","modified_gmt":"2024-11-30T11:48:23","slug":"nello-specchio","status":"publish","type":"page","link":"https:\/\/www.pluriart.it\/index.php\/nello-specchio\/","title":{"rendered":"Nello Specchio"},"content":{"rendered":"\n<h3 class=\"wp-block-heading\">The project<\/h3>\n\n\n\n<p>Il film segue la storia di Andrea, una storia universale di ricerca di se stessi e di lotta contro le pressioni della societ\u00e0. Il film offre una rappresentazione delle difficolt\u00e0 che una persona pu\u00f2 affrontare nel percorso di Affermazione di genere.<\/p>\n\n\n\n<figure class=\"wp-block-image\"><img decoding=\"async\" src=\"https:\/\/www.produzionidalbasso.com\/media\/projects\/36624\/ckeuploads\/262d84d566e6458daf2ab5fa21431c2f.jpeg\" alt=\"\"\/><\/figure>\n\n\n\n<p>Vogliamo raccontare una storia che dia voce a coloro che stanno affrontando lo stesso viaggio. Vogliamo &nbsp;lanciare una sfida ai pregiudizi, esplorare le sfide della disforia di genere, e mostrare come il coraggio di essere se stessi possa trasformare non solo una vita, ma anche le persone e il mondo intorno.<\/p>\n\n\n\n<p><strong>Il Nostro Obiettivo:<\/strong>&nbsp;Per realizzare &#8220;Nello Specchio&#8221; abbiamo bisogno del tuo sostegno. I fondi raccolti verranno utilizzati per:<\/p>\n\n\n\n<ul class=\"wp-block-list\">\n<li><strong>Produzione e riprese:<\/strong>\u00a0Creare un film di alta qualit\u00e0 che catturi la complessit\u00e0 emotiva di questa storia.<\/li>\n\n\n\n<li><strong>Cast e crew:<\/strong>\u00a0Selezionare attori e professionisti di talento che possano portare sullo schermo l&#8217;autenticit\u00e0 e la potenza del percorso di Andrea.<\/li>\n\n\n\n<li><strong>Distribuzione e promozione:<\/strong>\u00a0Assicurare che &#8220;Nello Specchio&#8221; raggiunga il pi\u00f9 vasto pubblico possibile, attraverso festival del cinema, distribuzione nelle sale e piattaforme streaming.<\/li>\n<\/ul>\n\n\n\n<p><strong>Questo \u00e8 il mood del nostro progetto con le parole scritte da William Shakespeare (ulteriori dettagli in Gallery)<\/strong><\/p>\n\n\n\n<figure class=\"wp-block-embed is-type-rich is-provider-embed-handler wp-block-embed-embed-handler wp-embed-aspect-16-9 wp-has-aspect-ratio\"><div class=\"wp-block-embed__wrapper\">\n<iframe loading=\"lazy\" title=\"teaser lo specchio - in the mirror\" width=\"500\" height=\"281\" src=\"https:\/\/www.youtube.com\/embed\/nhQJnAU-tw8?feature=oembed\" frameborder=\"0\" allow=\"accelerometer; autoplay; clipboard-write; encrypted-media; gyroscope; picture-in-picture; web-share\" referrerpolicy=\"strict-origin-when-cross-origin\" allowfullscreen><\/iframe>\n<\/div><\/figure>\n\n\n\n<p><strong>Cosa Puoi Fare per Aiutarci:<\/strong><\/p>\n\n\n\n<ul class=\"wp-block-list\">\n<li><strong>Donazioni:<\/strong>\u00a0Ogni contributo, grande o piccolo, ci avvicina alla realizzazione di questo film.<\/li>\n\n\n\n<li><strong>Condivisione:<\/strong>\u00a0Aiutaci a far conoscere questa campagna, condividendola sui social media o con amici e familiari.<\/li>\n\n\n\n<li><strong>Coinvolgimento:<\/strong>\u00a0Puoi diventare parte del progetto ricevendo aggiornamenti esclusivi, partecipando a eventi speciali o persino comparendo nei titoli di coda del film.<\/li>\n<\/ul>\n\n\n\n<p><strong>Perch\u00e9 Raccontiamo Questa Storia:<\/strong>&nbsp;&#8220;Nello Specchio&#8221; non \u00e8 solo un film sul percorso di Affermazione di genere, ma \u00e8 soprattutto una storia di umanit\u00e0, di lotta e di scoperta personale. \u00c8 un invito a guardare oltre il visibile, oltre i limiti imposti dalla societ\u00e0, oltre le ideologie: \u00e8 ridare senso e significato al rispetto, alla libert\u00e0, all\u2019inclusivit\u00e0. Con il tuo aiuto, possiamo portare questa storia sul grande schermo e contribuire a creare un mondo pi\u00f9 empatico ed inclusivo.<\/p>\n\n\n\n<figure class=\"wp-block-image\"><img decoding=\"async\" src=\"https:\/\/www.produzionidalbasso.com\/media\/projects\/36624\/ckeuploads\/9b9f2c330a0a4362b87c8d6ee888ec38.jpeg\" alt=\"\"\/><\/figure>\n\n\n\n<p><strong>Unisciti a Noi:<\/strong>&nbsp;Aiutaci a realizzare questo progetto e a raccontare una storia che pu\u00f2 ispirare, educare e, soprattutto, celebrare il coraggio di vivere autenticamente. Ogni passo verso il completamento del film \u00e8 un passo verso una maggiore comprensione e accettazione delle persone transgender. Insieme, possiamo fare la differenza.<\/p>\n\n\n\n<hr class=\"wp-block-separator has-alpha-channel-opacity\"\/>\n\n\n\n<p><strong>Sostienici oggi e diventa parte del nostro progetto!<\/strong><\/p>\n\n\n\n<p><strong>Con il supporto di&nbsp;<\/strong><\/p>\n\n\n\n<figure class=\"wp-block-image\"><img decoding=\"async\" src=\"https:\/\/www.produzionidalbasso.com\/media\/projects\/36624\/ckeuploads\/d2b746c0f90846a79d3bd7eb6e9c643a.jpeg\" alt=\"\"\/><\/figure>\n\n\n\n<p><strong>Con il supporto scientifico di&nbsp;<\/strong><\/p>\n\n\n\n<figure class=\"wp-block-image\"><img decoding=\"async\" src=\"https:\/\/www.produzionidalbasso.com\/media\/projects\/36624\/ckeuploads\/9e57e88d0ad647d4853f7e0ab16fbe98.jpeg\" alt=\"\"\/><\/figure>\n\n\n\n<p><strong>Con il patrocinio di<\/strong><\/p>\n\n\n\n<figure class=\"wp-block-image\"><img decoding=\"async\" src=\"https:\/\/www.produzionidalbasso.com\/media\/projects\/36624\/ckeuploads\/9c95107fbe45491ca7e7e70a36549a4b.jpeg\" alt=\"\"\/><\/figure>\n\n\n\n<figure class=\"wp-block-image\"><img decoding=\"async\" src=\"https:\/\/www.produzionidalbasso.com\/media\/projects\/36624\/ckeuploads\/73489fd6c2e5469da32260bc0bec013c.jpeg\" alt=\"\"\/><\/figure>\n","protected":false},"excerpt":{"rendered":"<p>The project Il film segue la storia di Andrea, una storia universale di ricerca di se stessi e di lotta contro le pressioni della societ\u00e0. Il film offre una rappresentazione delle difficolt\u00e0 che una persona pu\u00f2 affrontare nel percorso di Affermazione di genere. Vogliamo raccontare una storia che dia voce a coloro che stanno affrontando [&hellip;]<\/p>\n","protected":false},"author":1,"featured_media":0,"parent":0,"menu_order":0,"comment_status":"closed","ping_status":"closed","template":"","meta":{"saved_in_kubio":false,"footnotes":""},"class_list":["post-31","page","type-page","status-publish","hentry"],"kubio_ai_page_context":{"short_desc":"","purpose":"general"},"_links":{"self":[{"href":"https:\/\/www.pluriart.it\/index.php\/wp-json\/wp\/v2\/pages\/31","targetHints":{"allow":["GET"]}}],"collection":[{"href":"https:\/\/www.pluriart.it\/index.php\/wp-json\/wp\/v2\/pages"}],"about":[{"href":"https:\/\/www.pluriart.it\/index.php\/wp-json\/wp\/v2\/types\/page"}],"author":[{"embeddable":true,"href":"https:\/\/www.pluriart.it\/index.php\/wp-json\/wp\/v2\/users\/1"}],"replies":[{"embeddable":true,"href":"https:\/\/www.pluriart.it\/index.php\/wp-json\/wp\/v2\/comments?post=31"}],"version-history":[{"count":1,"href":"https:\/\/www.pluriart.it\/index.php\/wp-json\/wp\/v2\/pages\/31\/revisions"}],"predecessor-version":[{"id":33,"href":"https:\/\/www.pluriart.it\/index.php\/wp-json\/wp\/v2\/pages\/31\/revisions\/33"}],"wp:attachment":[{"href":"https:\/\/www.pluriart.it\/index.php\/wp-json\/wp\/v2\/media?parent=31"}],"curies":[{"name":"wp","href":"https:\/\/api.w.org\/{rel}","templated":true}]}}